{"id":107,"date":"2023-05-09T21:13:05","date_gmt":"2023-05-09T19:13:05","guid":{"rendered":"http:\/\/pnzqwkt.cluster027.hosting.ovh.net\/?page_id=107"},"modified":"2024-06-28T16:43:32","modified_gmt":"2024-06-28T14:43:32","slug":"balade-en-caleche","status":"publish","type":"page","link":"https:\/\/provencehipposervices.com\/index.php\/balade-en-caleche\/","title":{"rendered":"Balade en cal\u00e8che"},"content":{"rendered":"<p>[et_pb_section fb_built=\u00a0\u00bb1&Prime; admin_label=\u00a0\u00bbPage Title Section\u00a0\u00bb _builder_version=\u00a0\u00bb4.21.0&Prime; background_image=\u00a0\u00bbhttps:\/\/provencehipposervices.com\/wp-content\/uploads\/2023\/07\/caleche-provencehipposervices-3.png\u00a0\u00bb custom_padding=\u00a0\u00bb232px||565px|||\u00a0\u00bb global_colors_info=\u00a0\u00bb{}\u00a0\u00bb][et_pb_row column_structure=\u00a0\u00bb2_5,3_5&Prime; _builder_version=\u00a0\u00bb4.21.0&Prime; _module_preset=\u00a0\u00bbdefault\u00a0\u00bb max_width=\u00a0\u00bb80%\u00a0\u00bb global_colors_info=\u00a0\u00bb{}\u00a0\u00bb][et_pb_column type=\u00a0\u00bb2_5&Prime; _builder_version=\u00a0\u00bb4.21.0&Prime; _module_preset=\u00a0\u00bbdefault\u00a0\u00bb global_colors_info=\u00a0\u00bb{}\u00a0\u00bb][et_pb_text admin_label=\u00a0\u00bbTitle\u00a0\u00bb _builder_version=\u00a0\u00bb4.16&Prime; text_font=\u00a0\u00bb||||||||\u00a0\u00bb header_font=\u00a0\u00bbPoppins|600|||||||\u00a0\u00bb header_font_size=\u00a0\u00bb60px\u00a0\u00bb header_line_height=\u00a0\u00bb1.2em\u00a0\u00bb header_2_font=\u00a0\u00bb||||||||\u00a0\u00bb header_2_font_size=\u00a0\u00bb60px\u00a0\u00bb background_layout=\u00a0\u00bbdark\u00a0\u00bb custom_margin=\u00a0\u00bb||20px|\u00a0\u00bb custom_padding=\u00a0\u00bb|||\u00a0\u00bb animation_style=\u00a0\u00bbfade\u00a0\u00bb header_font_size_tablet=\u00a0\u00bb\u00a0\u00bb header_font_size_phone=\u00a0\u00bb40px\u00a0\u00bb header_font_size_last_edited=\u00a0\u00bbon|phone\u00a0\u00bb global_colors_info=\u00a0\u00bb{}\u00a0\u00bb]<\/p>\n<h1>Balades en cal\u00e8che<\/h1>\n<p>[\/et_pb_text][\/et_pb_column][et_pb_column type=\u00a0\u00bb3_5&Prime; _builder_version=\u00a0\u00bb4.21.0&Prime; _module_preset=\u00a0\u00bbdefault\u00a0\u00bb global_colors_info=\u00a0\u00bb{}\u00a0\u00bb][\/et_pb_column][\/et_pb_row][\/et_pb_section][et_pb_section fb_built=\u00a0\u00bb1&Prime; admin_label=\u00a0\u00bbClass Details Section\u00a0\u00bb _builder_version=\u00a0\u00bb4.21.0&Prime; background_color=\u00a0\u00bb#5b575e\u00a0\u00bb custom_padding=\u00a0\u00bb25px||60px|||\u00a0\u00bb global_colors_info=\u00a0\u00bb{}\u00a0\u00bb][et_pb_row admin_label=\u00a0\u00bbClass Details Area\u00a0\u00bb _builder_version=\u00a0\u00bb4.21.0&Prime; custom_padding=\u00a0\u00bb27px|0px|14px|0px||\u00a0\u00bb global_colors_info=\u00a0\u00bb{}\u00a0\u00bb][et_pb_column type=\u00a0\u00bb4_4&Prime; _builder_version=\u00a0\u00bb4.16&Prime; custom_padding=\u00a0\u00bb|||\u00a0\u00bb global_colors_info=\u00a0\u00bb{}\u00a0\u00bb custom_padding__hover=\u00a0\u00bb|||\u00a0\u00bb][et_pb_text admin_label=\u00a0\u00bbTitle\u00a0\u00bb _builder_version=\u00a0\u00bb4.21.0&Prime; text_font=\u00a0\u00bb||||||||\u00a0\u00bb header_font=\u00a0\u00bb||||||||\u00a0\u00bb header_2_font=\u00a0\u00bbPoppins|600|||||||\u00a0\u00bb header_2_text_align=\u00a0\u00bbcenter\u00a0\u00bb header_2_font_size=\u00a0\u00bb36px\u00a0\u00bb header_2_line_height=\u00a0\u00bb1.2em\u00a0\u00bb background_layout=\u00a0\u00bbdark\u00a0\u00bb custom_margin=\u00a0\u00bb||0px|\u00a0\u00bb custom_padding=\u00a0\u00bb|||\u00a0\u00bb animation_style=\u00a0\u00bbfade\u00a0\u00bb global_colors_info=\u00a0\u00bb{}\u00a0\u00bb]<\/p>\n<h2>Visiter autrement<\/h2>\n<p>[\/et_pb_text][et_pb_divider color=\u00a0\u00bb#cb551b\u00a0\u00bb divider_position=\u00a0\u00bbcenter\u00a0\u00bb divider_weight=\u00a0\u00bb3px\u00a0\u00bb _builder_version=\u00a0\u00bb4.21.0&Prime; max_width=\u00a0\u00bb50px\u00a0\u00bb module_alignment=\u00a0\u00bbcenter\u00a0\u00bb animation_style=\u00a0\u00bbslide\u00a0\u00bb animation_direction=\u00a0\u00bbtop\u00a0\u00bb animation_intensity_slide=\u00a0\u00bb10%\u00a0\u00bb animation_starting_opacity=\u00a0\u00bb100%\u00a0\u00bb global_colors_info=\u00a0\u00bb{}\u00a0\u00bb][\/et_pb_divider][\/et_pb_column][\/et_pb_row][et_pb_row admin_label=\u00a0\u00bbDescription Text Area\u00a0\u00bb _builder_version=\u00a0\u00bb4.21.0&Prime; max_width=\u00a0\u00bb80%\u00a0\u00bb global_colors_info=\u00a0\u00bb{}\u00a0\u00bb][et_pb_column type=\u00a0\u00bb4_4&Prime; _builder_version=\u00a0\u00bb4.16&Prime; custom_padding=\u00a0\u00bb|||\u00a0\u00bb global_colors_info=\u00a0\u00bb{}\u00a0\u00bb custom_padding__hover=\u00a0\u00bb|||\u00a0\u00bb][et_pb_text _builder_version=\u00a0\u00bb4.21.0&Prime; text_font=\u00a0\u00bbPoppins||||||||\u00a0\u00bb text_font_size=\u00a0\u00bb18px\u00a0\u00bb text_line_height=\u00a0\u00bb1.8em\u00a0\u00bb background_layout=\u00a0\u00bbdark\u00a0\u00bb animation_style=\u00a0\u00bbfade\u00a0\u00bb global_colors_info=\u00a0\u00bb{}\u00a0\u00bb]<\/p>\n<p><strong>La g\u00e9ologie du Vaucluse a donn\u00e9 \u00e0 la terre de Roussillon et de ses alentours une symphonie de couleurs orange, rouge et jaune, contrastant avec l\u2019\u00e9meraude des pins et le bleu du ciel<\/strong>. Cette richesse naturelle a donn\u00e9 vie \u00e0 de nombreuses activit\u00e9s, telles que la peinture, la d\u00e9coration, la poterie et le b\u00e2timent, ainsi qu\u2019\u00e0 de nombreux sentiers et sites touristiques.\u00a0<b>Virginie<\/b>\u00a0aime partager ses connaissances sur l\u2019histoire de l\u2019ocre, la g\u00e9ologie, la faune &amp; la flore.<\/p>\n<p>Nous vous emm\u00e8nons en<span>\u00a0<\/span><strong>balade soit pour 2 heures soit pour la journ\u00e9e<\/strong>.<\/p>\n<p>Nous vous proposons \u00e9galement d\u2019<strong>autres th\u00e8mes de visites comme une balade au coeur d&rsquo;un village m\u00e9di\u00e9vale ou les champs de lavande en \u00e9t\u00e9<\/strong>.<\/p>\n<p><span style=\"color: #ffcc99;\"><em>\u00c0 partir de 4 personnes ou pour groupes. Groupes accept\u00e9s jusqu\u2019\u00e0 21 personnes (r\u00e9servation \u00e0 l\u2019avance).<\/em><\/span><\/p>\n<p>[\/et_pb_text][\/et_pb_column][\/et_pb_row][\/et_pb_section][et_pb_section fb_built=\u00a0\u00bb1&Prime; admin_label=\u00a0\u00bbClasses Section\u00a0\u00bb _builder_version=\u00a0\u00bb4.16&Prime; background_color=\u00a0\u00bb#efe9e4&Prime; custom_padding=\u00a0\u00bb80px||36px|||\u00a0\u00bb global_colors_info=\u00a0\u00bb{}\u00a0\u00bb][et_pb_row admin_label=\u00a0\u00bbClass Area\u00a0\u00bb _builder_version=\u00a0\u00bb4.16&Prime; custom_padding=\u00a0\u00bb17px|0px|23px|0px||\u00a0\u00bb locked=\u00a0\u00bboff\u00a0\u00bb global_colors_info=\u00a0\u00bb{}\u00a0\u00bb][et_pb_column type=\u00a0\u00bb4_4&Prime; _builder_version=\u00a0\u00bb4.16&Prime; custom_padding=\u00a0\u00bb|||\u00a0\u00bb global_colors_info=\u00a0\u00bb{}\u00a0\u00bb custom_padding__hover=\u00a0\u00bb|||\u00a0\u00bb][et_pb_text admin_label=\u00a0\u00bbTitle\u00a0\u00bb _builder_version=\u00a0\u00bb4.16&Prime; text_font=\u00a0\u00bb||||||||\u00a0\u00bb header_font=\u00a0\u00bb||||||||\u00a0\u00bb header_2_font=\u00a0\u00bbPoppins|600|||||||\u00a0\u00bb header_2_text_align=\u00a0\u00bbcenter\u00a0\u00bb header_2_font_size=\u00a0\u00bb36px\u00a0\u00bb custom_margin=\u00a0\u00bb||0px|\u00a0\u00bb animation_style=\u00a0\u00bbfade\u00a0\u00bb global_colors_info=\u00a0\u00bb{}\u00a0\u00bb]<\/p>\n<h2>Nos balades \u00e0 th\u00e8me<\/h2>\n<p>[\/et_pb_text][et_pb_divider color=\u00a0\u00bb#cb551b\u00a0\u00bb divider_position=\u00a0\u00bbcenter\u00a0\u00bb divider_weight=\u00a0\u00bb3px\u00a0\u00bb _builder_version=\u00a0\u00bb4.21.0&Prime; max_width=\u00a0\u00bb50px\u00a0\u00bb module_alignment=\u00a0\u00bbcenter\u00a0\u00bb animation_style=\u00a0\u00bbslide\u00a0\u00bb animation_direction=\u00a0\u00bbtop\u00a0\u00bb animation_intensity_slide=\u00a0\u00bb10%\u00a0\u00bb animation_starting_opacity=\u00a0\u00bb100%\u00a0\u00bb global_colors_info=\u00a0\u00bb{}\u00a0\u00bb][\/et_pb_divider][\/et_pb_column][\/et_pb_row][et_pb_row column_structure=\u00a0\u00bb1_4,1_4,1_4,1_4&Prime; make_equal=\u00a0\u00bbon\u00a0\u00bb admin_label=\u00a0\u00bbClasses Area\u00a0\u00bb _builder_version=\u00a0\u00bb4.21.0&Prime; width=\u00a0\u00bb90%\u00a0\u00bb max_width=\u00a0\u00bb2462px\u00a0\u00bb animation_style=\u00a0\u00bbfade\u00a0\u00bb use_custom_width=\u00a0\u00bbon\u00a0\u00bb custom_width_px=\u00a0\u00bb1440px\u00a0\u00bb global_colors_info=\u00a0\u00bb{}\u00a0\u00bb][et_pb_column type=\u00a0\u00bb1_4&Prime; _builder_version=\u00a0\u00bb4.16&Prime; background_color=\u00a0\u00bb#282624&Prime; custom_padding=\u00a0\u00bb|||\u00a0\u00bb global_colors_info=\u00a0\u00bb{}\u00a0\u00bb custom_padding__hover=\u00a0\u00bb|||\u00a0\u00bb][et_pb_image src=\u00a0\u00bbhttps:\/\/provencehipposervices.com\/wp-content\/uploads\/2023\/05\/ocres-2.png\u00a0\u00bb title_text=\u00a0\u00bbocres-2&Prime; force_fullwidth=\u00a0\u00bbon\u00a0\u00bb align_tablet=\u00a0\u00bbcenter\u00a0\u00bb align_phone=\u00a0\u00bbcenter\u00a0\u00bb align_last_edited=\u00a0\u00bbon|desktop\u00a0\u00bb _builder_version=\u00a0\u00bb4.24.2&Prime; custom_margin=\u00a0\u00bb||0px|\u00a0\u00bb global_colors_info=\u00a0\u00bb{}\u00a0\u00bb][\/et_pb_image][et_pb_text admin_label=\u00a0\u00bbTitle\u00a0\u00bb _builder_version=\u00a0\u00bb4.21.0&Prime; text_font=\u00a0\u00bbPoppins||||||||\u00a0\u00bb text_text_color=\u00a0\u00bbrgba(255,255,255,0.7)\u00a0\u00bb text_font_size=\u00a0\u00bb18px\u00a0\u00bb text_line_height=\u00a0\u00bb1.8em\u00a0\u00bb link_font=\u00a0\u00bb|600||on|||||\u00a0\u00bb link_text_color=\u00a0\u00bb#fdb467&Prime; link_font_size=\u00a0\u00bb16px\u00a0\u00bb link_letter_spacing=\u00a0\u00bb3px\u00a0\u00bb link_line_height=\u00a0\u00bb1.8em\u00a0\u00bb header_font=\u00a0\u00bb||||||||\u00a0\u00bb header_3_font=\u00a0\u00bbPoppins|600|||||||\u00a0\u00bb header_3_text_align=\u00a0\u00bbcenter\u00a0\u00bb header_3_font_size=\u00a0\u00bb24px\u00a0\u00bb header_3_line_height=\u00a0\u00bb1.8em\u00a0\u00bb background_color=\u00a0\u00bb#5b575e\u00a0\u00bb text_orientation=\u00a0\u00bbcenter\u00a0\u00bb background_layout=\u00a0\u00bbdark\u00a0\u00bb custom_margin=\u00a0\u00bb|||\u00a0\u00bb custom_padding=\u00a0\u00bb40px|40px|109px|40px||\u00a0\u00bb animation_style=\u00a0\u00bbfade\u00a0\u00bb global_colors_info=\u00a0\u00bb{}\u00a0\u00bb]<\/p>\n<h3>L&rsquo;archipel des ocres<\/h3>\n<p><span style=\"color: #ffcc99;\">Roussillon<\/span><\/p>\n<p>La d\u00e9couverte des ocres peut se faire lors d&rsquo;une balade de deux heures, au d\u00e9part du Domaine de S\u00e9oule et \u00e0 la d\u00e9couverte des tr\u00e9sors ocriers accessibles uniquement avec la cal\u00e8che.<\/p>\n<p><span style=\"color: #ffcc99;\">Dur\u00e9e 2h<\/span><br \/>40\u20ac \/ personne<br \/>20\u20ac -12 ans<\/p>\n<p>[\/et_pb_text][\/et_pb_column][et_pb_column type=\u00a0\u00bb1_4&Prime; _builder_version=\u00a0\u00bb4.16&Prime; background_color=\u00a0\u00bb#282624&Prime; custom_padding=\u00a0\u00bb|||\u00a0\u00bb global_colors_info=\u00a0\u00bb{}\u00a0\u00bb custom_padding__hover=\u00a0\u00bb|||\u00a0\u00bb][et_pb_image src=\u00a0\u00bbhttps:\/\/provencehipposervices.com\/wp-content\/uploads\/2024\/05\/perreal.png\u00a0\u00bb title_text=\u00a0\u00bbperreal\u00a0\u00bb force_fullwidth=\u00a0\u00bbon\u00a0\u00bb align_tablet=\u00a0\u00bbcenter\u00a0\u00bb align_phone=\u00a0\u00bbcenter\u00a0\u00bb align_last_edited=\u00a0\u00bbon|desktop\u00a0\u00bb _builder_version=\u00a0\u00bb4.24.2&Prime; custom_margin=\u00a0\u00bb||0px|\u00a0\u00bb locked=\u00a0\u00bboff\u00a0\u00bb global_colors_info=\u00a0\u00bb{}\u00a0\u00bb][\/et_pb_image][et_pb_text admin_label=\u00a0\u00bbTitle\u00a0\u00bb _builder_version=\u00a0\u00bb4.21.0&Prime; text_font=\u00a0\u00bbPoppins||||||||\u00a0\u00bb text_text_color=\u00a0\u00bbrgba(255,255,255,0.7)\u00a0\u00bb text_font_size=\u00a0\u00bb18px\u00a0\u00bb text_line_height=\u00a0\u00bb1.8em\u00a0\u00bb link_font=\u00a0\u00bb|600||on|||||\u00a0\u00bb link_text_color=\u00a0\u00bb#fdb467&Prime; link_font_size=\u00a0\u00bb16px\u00a0\u00bb link_letter_spacing=\u00a0\u00bb3px\u00a0\u00bb link_line_height=\u00a0\u00bb1.8em\u00a0\u00bb header_font=\u00a0\u00bb||||||||\u00a0\u00bb header_3_font=\u00a0\u00bbPoppins|600|||||||\u00a0\u00bb header_3_text_align=\u00a0\u00bbcenter\u00a0\u00bb header_3_font_size=\u00a0\u00bb24px\u00a0\u00bb header_3_line_height=\u00a0\u00bb1.8em\u00a0\u00bb background_color=\u00a0\u00bb#5b575e\u00a0\u00bb text_orientation=\u00a0\u00bbcenter\u00a0\u00bb background_layout=\u00a0\u00bbdark\u00a0\u00bb custom_margin=\u00a0\u00bb||1px|||\u00a0\u00bb custom_padding=\u00a0\u00bb40px|40px|90px|40px||\u00a0\u00bb animation_style=\u00a0\u00bbfade\u00a0\u00bb locked=\u00a0\u00bboff\u00a0\u00bb global_colors_info=\u00a0\u00bb{}\u00a0\u00bb]<\/p>\n<h3>Circuit viticole<\/h3>\n<p><span style=\"color: #ffcc99;\">Mosa\u00efque des terroirs, Domaine de Perr\u00e9al &#8211; Gargas<\/span><\/p>\n<p>\u00c0 la douceur des brises estivales, nous vous proposons de d\u00e9couvrir les vins du Luberon. Possibilit\u00e9 de d\u00e9gustation, repas sur place, visite du domaine&#8230;<\/p>\n<p><span style=\"color: #ffcc99;\">\u00a0DUREE ET TARIF<\/span><br \/>Sur demande\u00a0<\/p>\n<p>&nbsp;<\/p>\n<p>[\/et_pb_text][\/et_pb_column][et_pb_column type=\u00a0\u00bb1_4&Prime; _builder_version=\u00a0\u00bb4.16&Prime; background_color=\u00a0\u00bb#282624&Prime; custom_padding=\u00a0\u00bb|||\u00a0\u00bb global_colors_info=\u00a0\u00bb{}\u00a0\u00bb custom_padding__hover=\u00a0\u00bb|||\u00a0\u00bb][et_pb_image src=\u00a0\u00bbhttps:\/\/provencehipposervices.com\/wp-content\/uploads\/2023\/07\/ocres-pexels.png\u00a0\u00bb title_text=\u00a0\u00bbocres-pexels\u00a0\u00bb force_fullwidth=\u00a0\u00bbon\u00a0\u00bb align_tablet=\u00a0\u00bbcenter\u00a0\u00bb align_phone=\u00a0\u00bbcenter\u00a0\u00bb align_last_edited=\u00a0\u00bbon|desktop\u00a0\u00bb _builder_version=\u00a0\u00bb4.21.0&Prime; custom_margin=\u00a0\u00bb||0px|\u00a0\u00bb global_colors_info=\u00a0\u00bb{}\u00a0\u00bb][\/et_pb_image][et_pb_text admin_label=\u00a0\u00bbTitle\u00a0\u00bb _builder_version=\u00a0\u00bb4.21.0&Prime; text_font=\u00a0\u00bbPoppins||||||||\u00a0\u00bb text_text_color=\u00a0\u00bbrgba(255,255,255,0.7)\u00a0\u00bb text_font_size=\u00a0\u00bb18px\u00a0\u00bb text_line_height=\u00a0\u00bb1.8em\u00a0\u00bb link_font=\u00a0\u00bb|600||on|||||\u00a0\u00bb link_text_color=\u00a0\u00bb#fdb467&Prime; link_font_size=\u00a0\u00bb16px\u00a0\u00bb link_letter_spacing=\u00a0\u00bb3px\u00a0\u00bb link_line_height=\u00a0\u00bb1.8em\u00a0\u00bb header_font=\u00a0\u00bb||||||||\u00a0\u00bb header_3_font=\u00a0\u00bbPoppins|600|||||||\u00a0\u00bb header_3_text_align=\u00a0\u00bbcenter\u00a0\u00bb header_3_font_size=\u00a0\u00bb24px\u00a0\u00bb header_3_line_height=\u00a0\u00bb1.8em\u00a0\u00bb background_color=\u00a0\u00bb#5b575e\u00a0\u00bb text_orientation=\u00a0\u00bbcenter\u00a0\u00bb background_layout=\u00a0\u00bbdark\u00a0\u00bb custom_margin=\u00a0\u00bb|||\u00a0\u00bb custom_padding=\u00a0\u00bb40px|40px|77px|40px||\u00a0\u00bb animation_style=\u00a0\u00bbfade\u00a0\u00bb locked=\u00a0\u00bboff\u00a0\u00bb global_colors_info=\u00a0\u00bb{}\u00a0\u00bb]<\/p>\n<h3>Journ\u00e9e<\/h3>\n<p><span style=\"color: #ffcc99;\"><span style=\"text-decoration: underline;\">Roussillon<\/span>: Okhr\u00e2 &#8211; sentier des ocres<\/span><\/p>\n<p>Le premier circuit propos\u00e9 combine les ruelles de Roussillon au site culturel du Conservatoires des Ocres et de la Couleur. Un surprenant parcours pour d\u00e9couvrir ce joyau r\u00e9gional.<\/p>\n<p><span style=\"color: #ffcc99;\">JOURNEE<\/span><br \/>95\u20ac \/ personne<br \/>50\u20ac \/ -12 ans<\/p>\n<p>[\/et_pb_text][\/et_pb_column][et_pb_column type=\u00a0\u00bb1_4&Prime; _builder_version=\u00a0\u00bb4.16&Prime; background_color=\u00a0\u00bb#282624&Prime; custom_padding=\u00a0\u00bb|||\u00a0\u00bb global_colors_info=\u00a0\u00bb{}\u00a0\u00bb custom_padding__hover=\u00a0\u00bb|||\u00a0\u00bb][et_pb_image src=\u00a0\u00bbhttps:\/\/provencehipposervices.com\/wp-content\/uploads\/2023\/05\/bruoux.png\u00a0\u00bb title_text=\u00a0\u00bbbruoux\u00a0\u00bb force_fullwidth=\u00a0\u00bbon\u00a0\u00bb align_tablet=\u00a0\u00bbcenter\u00a0\u00bb align_phone=\u00a0\u00bbcenter\u00a0\u00bb align_last_edited=\u00a0\u00bbon|desktop\u00a0\u00bb _builder_version=\u00a0\u00bb4.24.2&Prime; custom_margin=\u00a0\u00bb||0px|\u00a0\u00bb locked=\u00a0\u00bboff\u00a0\u00bb global_colors_info=\u00a0\u00bb{}\u00a0\u00bb][\/et_pb_image][et_pb_text admin_label=\u00a0\u00bbTitle\u00a0\u00bb _builder_version=\u00a0\u00bb4.21.0&Prime; text_font=\u00a0\u00bbPoppins||||||||\u00a0\u00bb text_text_color=\u00a0\u00bbrgba(255,255,255,0.7)\u00a0\u00bb text_font_size=\u00a0\u00bb18px\u00a0\u00bb text_line_height=\u00a0\u00bb1.8em\u00a0\u00bb link_font=\u00a0\u00bb|600||on|||||\u00a0\u00bb link_text_color=\u00a0\u00bb#fdb467&Prime; link_font_size=\u00a0\u00bb16px\u00a0\u00bb link_letter_spacing=\u00a0\u00bb3px\u00a0\u00bb link_line_height=\u00a0\u00bb1.8em\u00a0\u00bb header_font=\u00a0\u00bb||||||||\u00a0\u00bb header_3_font=\u00a0\u00bbPoppins|600|||||||\u00a0\u00bb header_3_text_align=\u00a0\u00bbcenter\u00a0\u00bb header_3_font_size=\u00a0\u00bb24px\u00a0\u00bb header_3_line_height=\u00a0\u00bb1.8em\u00a0\u00bb background_color=\u00a0\u00bb#5b575e\u00a0\u00bb text_orientation=\u00a0\u00bbcenter\u00a0\u00bb background_layout=\u00a0\u00bbdark\u00a0\u00bb custom_margin=\u00a0\u00bb|||\u00a0\u00bb custom_padding=\u00a0\u00bb40px|40px|109px|40px||\u00a0\u00bb animation_style=\u00a0\u00bbfade\u00a0\u00bb locked=\u00a0\u00bboff\u00a0\u00bb global_colors_info=\u00a0\u00bb{}\u00a0\u00bb]<\/p>\n<h3>Journ\u00e9e<\/h3>\n<p><span style=\"color: #ffcc99;\"><span style=\"text-decoration: underline;\">Gargas<\/span>: Mines de Bruoux<\/span><\/p>\n<p>Se faufiler dans les m\u00e9andres des spectaculaires mines de Bruoux, en plein \u00e9t\u00e9, c&rsquo;est un vrai bain de fra\u00eecheur tr\u00e8s appr\u00e9ci\u00e9. (pr\u00e9voir une petite laine car le contraste de temp\u00e9rature est saisissant!)<\/p>\n<p><span style=\"color: #ffcc99;\">JOURNEE<\/span><br \/>95\u20ac \/ personne<br \/>50\u20ac \/ -12 ans<\/p>\n<p>[\/et_pb_text][\/et_pb_column][\/et_pb_row][et_pb_row _builder_version=\u00a0\u00bb4.22.1&Prime; _module_preset=\u00a0\u00bbdefault\u00a0\u00bb max_width=\u00a0\u00bb80%\u00a0\u00bb custom_padding=\u00a0\u00bb||0px|||\u00a0\u00bb global_colors_info=\u00a0\u00bb{}\u00a0\u00bb][et_pb_column type=\u00a0\u00bb4_4&Prime; _builder_version=\u00a0\u00bb4.21.0&Prime; _module_preset=\u00a0\u00bbdefault\u00a0\u00bb global_colors_info=\u00a0\u00bb{}\u00a0\u00bb][et_pb_text _builder_version=\u00a0\u00bb4.22.1&Prime; _module_preset=\u00a0\u00bbdefault\u00a0\u00bb text_font_size=\u00a0\u00bb18px\u00a0\u00bb text_line_height=\u00a0\u00bb1.5em\u00a0\u00bb max_width=\u00a0\u00bb100%\u00a0\u00bb global_colors_info=\u00a0\u00bb{}\u00a0\u00bb]<\/p>\n<p style=\"text-align: center;\"><em>\u00a0Les sorties \u00e0 la <strong>journ\u00e9e<\/strong> sont organis\u00e9es<strong> \u00e0 partir de 4 participants<\/strong>. <br \/><\/em><em>Vous profiterez \u00e9galement d&rsquo;un <strong>repas <\/strong><b>pr\u00e9par\u00e9 par une de nos cuisini\u00e8res<\/b>. Produits <strong>bio et locaux<\/strong>, repas pris <strong>ensemble sur place.<\/strong><\/em><\/p>\n<p><em>\u00a0<\/em><\/p>\n<p style=\"text-align: center;\"><em><\/em><\/p>\n<p>[\/et_pb_text][\/et_pb_column][\/et_pb_row][\/et_pb_section]<\/p>\n","protected":false},"excerpt":{"rendered":"<p>Balades en cal\u00e8cheVisiter autrementLa g\u00e9ologie du Vaucluse a donn\u00e9 \u00e0 la terre de Roussillon et de ses alentours une symphonie de couleurs orange, rouge et jaune, contrastant avec l\u2019\u00e9meraude des pins et le bleu du ciel. Cette richesse naturelle a donn\u00e9 vie \u00e0 de nombreuses activit\u00e9s, telles que la peinture, la d\u00e9coration, la poterie et [&hellip;]<\/p>\n","protected":false},"author":1,"featured_media":0,"parent":0,"menu_order":0,"comment_status":"closed","ping_status":"closed","template":"","meta":{"_et_pb_use_builder":"on","_et_pb_old_content":"","_et_gb_content_width":"","footnotes":""},"class_list":["post-107","page","type-page","status-publish","hentry"],"yoast_head":"<!-- This site is optimized with the Yoast SEO plugin v25.0 - https:\/\/yoast.com\/wordpress\/plugins\/seo\/ -->\n<title>Balade en cal\u00e8che - Provence Hipposervices<\/title>\n<meta name=\"robots\" content=\"index, follow, max-snippet:-1, max-image-preview:large, max-video-preview:-1\" \/>\n<link rel=\"canonical\" href=\"https:\/\/provencehipposervices.com\/index.php\/balade-en-caleche\/\" \/>\n<meta property=\"og:locale\" content=\"fr_FR\" \/>\n<meta property=\"og:type\" content=\"article\" \/>\n<meta property=\"og:title\" content=\"Balade en cal\u00e8che - Provence Hipposervices\" \/>\n<meta property=\"og:description\" content=\"Balades en cal\u00e8cheVisiter autrementLa g\u00e9ologie du Vaucluse a donn\u00e9 \u00e0 la terre de Roussillon et de ses alentours une symphonie de couleurs orange, rouge et jaune, contrastant avec l\u2019\u00e9meraude des pins et le bleu du ciel. Cette richesse naturelle a donn\u00e9 vie \u00e0 de nombreuses activit\u00e9s, telles que la peinture, la d\u00e9coration, la poterie et [&hellip;]\" \/>\n<meta property=\"og:url\" content=\"https:\/\/provencehipposervices.com\/index.php\/balade-en-caleche\/\" \/>\n<meta property=\"og:site_name\" content=\"Provence Hipposervices\" \/>\n<meta property=\"article:modified_time\" content=\"2024-06-28T14:43:32+00:00\" \/>\n<meta name=\"twitter:card\" content=\"summary_large_image\" \/>\n<meta name=\"twitter:label1\" content=\"Dur\u00e9e de lecture estim\u00e9e\" \/>\n\t<meta name=\"twitter:data1\" content=\"8 minutes\" \/>\n<script type=\"application\/ld+json\" class=\"yoast-schema-graph\">{\"@context\":\"https:\/\/schema.org\",\"@graph\":[{\"@type\":\"WebPage\",\"@id\":\"https:\/\/provencehipposervices.com\/index.php\/balade-en-caleche\/\",\"url\":\"https:\/\/provencehipposervices.com\/index.php\/balade-en-caleche\/\",\"name\":\"Balade en cal\u00e8che - Provence Hipposervices\",\"isPartOf\":{\"@id\":\"https:\/\/provencehipposervices.com\/#website\"},\"datePublished\":\"2023-05-09T19:13:05+00:00\",\"dateModified\":\"2024-06-28T14:43:32+00:00\",\"breadcrumb\":{\"@id\":\"https:\/\/provencehipposervices.com\/index.php\/balade-en-caleche\/#breadcrumb\"},\"inLanguage\":\"fr-FR\",\"potentialAction\":[{\"@type\":\"ReadAction\",\"target\":[\"https:\/\/provencehipposervices.com\/index.php\/balade-en-caleche\/\"]}]},{\"@type\":\"BreadcrumbList\",\"@id\":\"https:\/\/provencehipposervices.com\/index.php\/balade-en-caleche\/#breadcrumb\",\"itemListElement\":[{\"@type\":\"ListItem\",\"position\":1,\"name\":\"Accueil\",\"item\":\"https:\/\/provencehipposervices.com\/\"},{\"@type\":\"ListItem\",\"position\":2,\"name\":\"Balade en cal\u00e8che\"}]},{\"@type\":\"WebSite\",\"@id\":\"https:\/\/provencehipposervices.com\/#website\",\"url\":\"https:\/\/provencehipposervices.com\/\",\"name\":\"Provence Hipposervices\",\"description\":\"Les ocres en cal\u00e8che\",\"potentialAction\":[{\"@type\":\"SearchAction\",\"target\":{\"@type\":\"EntryPoint\",\"urlTemplate\":\"https:\/\/provencehipposervices.com\/?s={search_term_string}\"},\"query-input\":{\"@type\":\"PropertyValueSpecification\",\"valueRequired\":true,\"valueName\":\"search_term_string\"}}],\"inLanguage\":\"fr-FR\"}]}<\/script>\n<!-- \/ Yoast SEO plugin. -->","yoast_head_json":{"title":"Balade en cal\u00e8che - Provence Hipposervices","robots":{"index":"index","follow":"follow","max-snippet":"max-snippet:-1","max-image-preview":"max-image-preview:large","max-video-preview":"max-video-preview:-1"},"canonical":"https:\/\/provencehipposervices.com\/index.php\/balade-en-caleche\/","og_locale":"fr_FR","og_type":"article","og_title":"Balade en cal\u00e8che - Provence Hipposervices","og_description":"Balades en cal\u00e8cheVisiter autrementLa g\u00e9ologie du Vaucluse a donn\u00e9 \u00e0 la terre de Roussillon et de ses alentours une symphonie de couleurs orange, rouge et jaune, contrastant avec l\u2019\u00e9meraude des pins et le bleu du ciel. Cette richesse naturelle a donn\u00e9 vie \u00e0 de nombreuses activit\u00e9s, telles que la peinture, la d\u00e9coration, la poterie et [&hellip;]","og_url":"https:\/\/provencehipposervices.com\/index.php\/balade-en-caleche\/","og_site_name":"Provence Hipposervices","article_modified_time":"2024-06-28T14:43:32+00:00","twitter_card":"summary_large_image","twitter_misc":{"Dur\u00e9e de lecture estim\u00e9e":"8 minutes"},"schema":{"@context":"https:\/\/schema.org","@graph":[{"@type":"WebPage","@id":"https:\/\/provencehipposervices.com\/index.php\/balade-en-caleche\/","url":"https:\/\/provencehipposervices.com\/index.php\/balade-en-caleche\/","name":"Balade en cal\u00e8che - Provence Hipposervices","isPartOf":{"@id":"https:\/\/provencehipposervices.com\/#website"},"datePublished":"2023-05-09T19:13:05+00:00","dateModified":"2024-06-28T14:43:32+00:00","breadcrumb":{"@id":"https:\/\/provencehipposervices.com\/index.php\/balade-en-caleche\/#breadcrumb"},"inLanguage":"fr-FR","potentialAction":[{"@type":"ReadAction","target":["https:\/\/provencehipposervices.com\/index.php\/balade-en-caleche\/"]}]},{"@type":"BreadcrumbList","@id":"https:\/\/provencehipposervices.com\/index.php\/balade-en-caleche\/#breadcrumb","itemListElement":[{"@type":"ListItem","position":1,"name":"Accueil","item":"https:\/\/provencehipposervices.com\/"},{"@type":"ListItem","position":2,"name":"Balade en cal\u00e8che"}]},{"@type":"WebSite","@id":"https:\/\/provencehipposervices.com\/#website","url":"https:\/\/provencehipposervices.com\/","name":"Provence Hipposervices","description":"Les ocres en cal\u00e8che","potentialAction":[{"@type":"SearchAction","target":{"@type":"EntryPoint","urlTemplate":"https:\/\/provencehipposervices.com\/?s={search_term_string}"},"query-input":{"@type":"PropertyValueSpecification","valueRequired":true,"valueName":"search_term_string"}}],"inLanguage":"fr-FR"}]}},"_links":{"self":[{"href":"https:\/\/provencehipposervices.com\/index.php\/wp-json\/wp\/v2\/pages\/107","targetHints":{"allow":["GET"]}}],"collection":[{"href":"https:\/\/provencehipposervices.com\/index.php\/wp-json\/wp\/v2\/pages"}],"about":[{"href":"https:\/\/provencehipposervices.com\/index.php\/wp-json\/wp\/v2\/types\/page"}],"author":[{"embeddable":true,"href":"https:\/\/provencehipposervices.com\/index.php\/wp-json\/wp\/v2\/users\/1"}],"replies":[{"embeddable":true,"href":"https:\/\/provencehipposervices.com\/index.php\/wp-json\/wp\/v2\/comments?post=107"}],"version-history":[{"count":41,"href":"https:\/\/provencehipposervices.com\/index.php\/wp-json\/wp\/v2\/pages\/107\/revisions"}],"predecessor-version":[{"id":825,"href":"https:\/\/provencehipposervices.com\/index.php\/wp-json\/wp\/v2\/pages\/107\/revisions\/825"}],"wp:attachment":[{"href":"https:\/\/provencehipposervices.com\/index.php\/wp-json\/wp\/v2\/media?parent=107"}],"curies":[{"name":"wp","href":"https:\/\/api.w.org\/{rel}","templated":true}]}}